{"id":34,"date":"2019-05-31T17:56:51","date_gmt":"2019-05-31T17:56:51","guid":{"rendered":"http:\/\/sw-themes.com\/porto_dummy\/?post_type=product&#038;p=34"},"modified":"2025-05-26T14:35:27","modified_gmt":"2025-05-26T12:35:27","slug":"porto-headphone","status":"publish","type":"product","link":"https:\/\/osha-paris.com\/?product=porto-headphone","title":{"rendered":"Matcha Premium BIO"},"content":{"rendered":"","protected":false},"excerpt":{"rendered":"<p data-start=\"45\" data-end=\"262\">Un matcha d\u2019exception, issu des meilleures plantations japonaises, parfait pour pr\u00e9parer un <strong data-start=\"137\" data-end=\"168\">latte onctueux et \u00e9quilibr\u00e9<\/strong>. Sa texture fine et sa douceur naturelle se marient id\u00e9alement avec du lait, sans amertume.<\/p>\n<p data-start=\"264\" data-end=\"378\">\ud83d\udc9a <strong data-start=\"267\" data-end=\"290\">100% pur et naturel<\/strong><br data-start=\"290\" data-end=\"293\" \/>\u2615 <strong data-start=\"295\" data-end=\"322\">Id\u00e9al pour matcha latte<\/strong><br data-start=\"322\" data-end=\"325\" data-is-only-node=\"\" \/>\u26a1 <strong data-start=\"327\" data-end=\"376\">Riche en antioxydants et en \u00e9nergie naturelle<\/strong><\/p>\n<p data-start=\"380\" data-end=\"478\" data-is-last-node=\"\" data-is-only-node=\"\">Ajoutez une touche de bien-\u00eatre \u00e0 votre quotidien avec un matcha latte cr\u00e9meux et r\u00e9confortant ! \u2728<\/p>\n","protected":false},"featured_media":7607,"comment_status":"open","ping_status":"closed","template":"","meta":{"_acf_changed":false,"content-type":""},"product_brand":[],"product_cat":[234],"product_tag":[],"class_list":{"0":"post-34","1":"product","2":"type-product","3":"status-publish","4":"has-post-thumbnail","6":"product_cat-matcha","8":"first","9":"instock","10":"shipping-taxable","11":"purchasable","12":"product-type-simple"},"acf":[],"jetpack_sharing_enabled":true,"_links":{"self":[{"href":"https:\/\/osha-paris.com\/index.php?rest_route=\/wp\/v2\/product\/34","targetHints":{"allow":["GET"]}}],"collection":[{"href":"https:\/\/osha-paris.com\/index.php?rest_route=\/wp\/v2\/product"}],"about":[{"href":"https:\/\/osha-paris.com\/index.php?rest_route=\/wp\/v2\/types\/product"}],"replies":[{"embeddable":true,"href":"https:\/\/osha-paris.com\/index.php?rest_route=%2Fwp%2Fv2%2Fcomments&post=34"}],"version-history":[{"count":3,"href":"https:\/\/osha-paris.com\/index.php?rest_route=\/wp\/v2\/product\/34\/revisions"}],"predecessor-version":[{"id":7112,"href":"https:\/\/osha-paris.com\/index.php?rest_route=\/wp\/v2\/product\/34\/revisions\/7112"}],"wp:featuredmedia":[{"embeddable":true,"href":"https:\/\/osha-paris.com\/index.php?rest_route=\/wp\/v2\/media\/7607"}],"wp:attachment":[{"href":"https:\/\/osha-paris.com\/index.php?rest_route=%2Fwp%2Fv2%2Fmedia&parent=34"}],"wp:term":[{"taxonomy":"product_brand","embeddable":true,"href":"https:\/\/osha-paris.com\/index.php?rest_route=%2Fwp%2Fv2%2Fproduct_brand&post=34"},{"taxonomy":"product_cat","embeddable":true,"href":"https:\/\/osha-paris.com\/index.php?rest_route=%2Fwp%2Fv2%2Fproduct_cat&post=34"},{"taxonomy":"product_tag","embeddable":true,"href":"https:\/\/osha-paris.com\/index.php?rest_route=%2Fwp%2Fv2%2Fproduct_tag&post=34"}],"curies":[{"name":"wp","href":"https:\/\/api.w.org\/{rel}","templated":true}]}}